{"id":910,"date":"2025-06-12T09:57:59","date_gmt":"2025-06-12T07:57:59","guid":{"rendered":"http:\/\/localhost\/ewapur\/kontakt\/"},"modified":"2025-07-16T08:28:19","modified_gmt":"2025-07-16T06:28:19","slug":"contact","status":"publish","type":"page","link":"https:\/\/ewapur.pl\/en\/contact\/","title":{"rendered":"Contact"},"content":{"rendered":"\n<div class=\"wp-block-columns !mx-auto main-wrapper gap-10 is-layout-flex wp-container-core-columns-is-layout-28f84493 wp-block-columns-is-layout-flex\">\n<div class=\"wp-block-column is-layout-flow wp-block-column-is-layout-flow\">\n<figure class=\"wp-block-image size-full sticky top-0 text-center intersect:animate-fade-right intersect-once intersect:animate-once\"><img loading=\"lazy\" decoding=\"async\" width=\"1000\" height=\"667\" src=\"https:\/\/ewapur.pl\/wp-content\/uploads\/2025\/06\/kontakt-ewa-pur.webp\" alt=\"\" class=\"wp-image-594\" srcset=\"https:\/\/ewapur.pl\/wp-content\/uploads\/2025\/06\/kontakt-ewa-pur.webp 1000w, https:\/\/ewapur.pl\/wp-content\/uploads\/2025\/06\/kontakt-ewa-pur-300x200.webp 300w, https:\/\/ewapur.pl\/wp-content\/uploads\/2025\/06\/kontakt-ewa-pur-768x512.webp 768w\" sizes=\"auto, (max-width: 1000px) 100vw, 1000px\" \/><\/figure>\n<\/div>\n\n\n\n<div class=\"wp-block-column is-layout-flow wp-block-column-is-layout-flow\">\n<h2 class=\"text-2xl md:text-3xl lg:text-4xl wp-block-mrblocks-generictext\">Ask for the service<\/h2>\n\n\n\n<div style=\"height:50px\" aria-hidden=\"true\" class=\"wp-block-spacer\"><\/div>\n\n\n\n<p class=\"max-w-lg has-light-gray-color has-text-color has-link-color has-medium-font-size wp-elements-dee8635be09f7ab16fcc164334f53e3f\">Do you have any additional questions about our offer? Use the form or call us directly.<\/p>\n\n\n\n<div style=\"height:20px\" aria-hidden=\"true\" class=\"wp-block-spacer\"><\/div>\n\n\n\n<div class=\"wp-block-contact-form-7-contact-form-selector\">\n<div class=\"wpcf7 no-js\" id=\"wpcf7-f921-o1\" lang=\"en-US\" dir=\"ltr\" data-wpcf7-id=\"921\">\n<div class=\"screen-reader-response\"><p role=\"status\" aria-live=\"polite\" aria-atomic=\"true\"><\/p> <ul><\/ul><\/div>\n<form action=\"\/en\/wp-json\/wp\/v2\/pages\/910#wpcf7-f921-o1\" method=\"post\" class=\"wpcf7-form init\" aria-label=\"Contact form\" novalidate=\"novalidate\" data-status=\"init\">\n<fieldset class=\"hidden-fields-container\"><input type=\"hidden\" name=\"_wpcf7\" value=\"921\" \/><input type=\"hidden\" name=\"_wpcf7_version\" value=\"6.1.1\" \/><input type=\"hidden\" name=\"_wpcf7_locale\" value=\"en_US\" \/><input type=\"hidden\" name=\"_wpcf7_unit_tag\" value=\"wpcf7-f921-o1\" \/><input type=\"hidden\" name=\"_wpcf7_container_post\" value=\"0\" \/><input type=\"hidden\" name=\"_wpcf7_posted_data_hash\" value=\"\" \/>\n<\/fieldset>\n<div class=\"flex flex-col gap-5\">\n    <span class=\"wpcf7-form-control-wrap\" data-name=\"your-name\"><input size=\"40\" maxlength=\"400\" class=\"wpcf7-form-control wpcf7-text wpcf7-validates-as-required py-2 px-1 bg-transparent border-b border-solid border-black w-full\" autocomplete=\"name\" aria-required=\"true\" aria-invalid=\"false\" placeholder=\"Your name\" value=\"\" type=\"text\" name=\"your-name\" \/><\/span>\n\n    <span class=\"wpcf7-form-control-wrap\" data-name=\"your-email\"><input size=\"40\" maxlength=\"400\" class=\"wpcf7-form-control wpcf7-email wpcf7-validates-as-required wpcf7-text wpcf7-validates-as-email py-2 px-1 bg-transparent border-b border-solid border-black w-full\" autocomplete=\"email\" aria-required=\"true\" aria-invalid=\"false\" placeholder=\"Email address\" value=\"\" type=\"email\" name=\"your-email\" \/><\/span>\n\n    <span class=\"wpcf7-form-control-wrap\" data-name=\"your-subject\"><input size=\"40\" maxlength=\"400\" class=\"wpcf7-form-control wpcf7-text wpcf7-validates-as-required py-2 px-1 bg-transparent border-b border-solid border-black w-full\" aria-required=\"true\" aria-invalid=\"false\" placeholder=\"Subject\" value=\"\" type=\"text\" name=\"your-subject\" \/><\/span>\n\n    <span class=\"wpcf7-form-control-wrap\" data-name=\"your-message\"><textarea cols=\"40\" rows=\"10\" maxlength=\"2000\" class=\"wpcf7-form-control wpcf7-textarea py-2 px-1 bg-transparent border-b border-solid border-black w-full\" aria-invalid=\"false\" placeholder=\"Your message\" name=\"your-message\"><\/textarea><\/span>\n\n    <input class=\"wpcf7-form-control wpcf7-submit has-spinner mr-button w-full\" id=\"form-submit\" type=\"submit\" value=\"Send message\" \/>\n\n    <div class=\"mt-2 flex\">\n        <span class=\"wpcf7-form-control-wrap\" data-name=\"acceptance-886\"><span class=\"wpcf7-form-control wpcf7-acceptance\"><span class=\"wpcf7-list-item\"><label><input type=\"checkbox\" name=\"acceptance-886\" value=\"1\" aria-invalid=\"false\" \/><span class=\"wpcf7-list-item-label\">I have read the <a href=\"\/en\/privacy-policy\/\">privacy policy<\/a> and I accept the terms regarding the processing of my personal data.*<\/span><\/label><\/span><\/span><\/span>\n    <\/div>\n<\/div>\n<div class=\"pt-2\"><div class=\"wpcf7-turnstile cf-turnstile\" data-sitekey=\"0x4AAAAAABmJ093jvEd7-op6\" data-response-field-name=\"_wpcf7_turnstile_response\"><\/div><\/div><div class=\"wpcf7-response-output\" aria-hidden=\"true\"><\/div>\n<\/form>\n<\/div>\n<\/div>\n\n\n\n<div style=\"height:50px\" aria-hidden=\"true\" class=\"wp-block-spacer\"><\/div>\n<\/div>\n<\/div>\n\n\n<div class=\" spacing-top main-wrapper \" \/>\r\n<\/div>\n\n\n<section class=\"wp-block-group is-layout-constrained wp-block-group-is-layout-constrained\">\n<div class=\"wp-block-columns main-wrapper gap-10 is-layout-flex wp-container-core-columns-is-layout-28f84493 wp-block-columns-is-layout-flex\">\n<div class=\"wp-block-column is-vertically-aligned-top intersect:animate-fade-up intersect-once intersect:animate-duration-1000 intersect:animate-delay-300 is-layout-flow wp-block-column-is-layout-flow\">\n<figure class=\"wp-block-image aligncenter size-full is-resized wp-duotone-ff6200-ffffff-1\"><img decoding=\"async\" src=\"https:\/\/ewapur.pl\/wp-content\/uploads\/2025\/06\/city_10595800.svg\" alt=\"\" class=\"wp-image-599\" style=\"width:50px\"\/><\/figure>\n\n\n\n<div style=\"height:20px\" aria-hidden=\"true\" class=\"wp-block-spacer\"><\/div>\n\n\n\n<h3 class=\"wp-block-heading has-text-align-center\"><strong>P.W.EWAPUR Ewa Kr\u00f3l<\/strong><\/h3>\n\n\n\n<div style=\"height:5px\" aria-hidden=\"true\" class=\"wp-block-spacer\"><\/div>\n\n\n\n<p class=\"has-text-align-center\">J.Wr\u00f3bla Street, 41-936 Bytom<\/p>\n\n\n\n<div style=\"height:5px\" aria-hidden=\"true\" class=\"wp-block-spacer\"><\/div>\n\n\n\n<p class=\"has-text-align-center\">tel: <strong><mark style=\"background-color:rgba(0, 0, 0, 0)\" class=\"has-inline-color has-primary-color\"><a href=\"tel:004832790 62 05\">+48(32)790 62 05<\/a><\/mark><\/strong><\/p>\n\n\n\n<div style=\"height:5px\" aria-hidden=\"true\" class=\"wp-block-spacer\"><\/div>\n\n\n\n<p class=\"has-text-align-center\">email:<strong><mark style=\"background-color:rgba(0, 0, 0, 0)\" class=\"has-inline-color has-primary-color\"><a href=\"mailto:biuro@ewapur.pl\">biuro@ewapur.pl<\/a><\/mark><\/strong><\/p>\n\n\n\n<div style=\"height:5px\" aria-hidden=\"true\" class=\"wp-block-spacer\"><\/div>\n\n\n\n<h3 class=\"wp-block-heading has-text-align-center\"><strong>Production Facility<\/strong><\/h3>\n\n\n\n<p class=\"has-text-align-center\">Z .Na\u0142kowska 36 street , 41-922 Radzionk\u00f3w<\/p>\n<\/div>\n\n\n\n<div class=\"wp-block-column is-vertically-aligned-top intersect:animate-fade-up intersect-once intersect:animate-duration-1000 intersect:animate-delay-500 is-layout-flow wp-block-column-is-layout-flow\">\n<figure class=\"wp-block-image aligncenter size-full is-resized wp-duotone-ff6200-ffffff-2\"><img decoding=\"async\" src=\"https:\/\/ewapur.pl\/wp-content\/uploads\/2025\/06\/user_4803089.svg\" alt=\"\" class=\"wp-image-600\" style=\"width:50px\"\/><\/figure>\n\n\n\n<div style=\"height:20px\" aria-hidden=\"true\" class=\"wp-block-spacer\"><\/div>\n\n\n\n<h3 class=\"wp-block-heading has-text-align-center\"><strong>Tech.-commercial advisor<\/strong><\/h3>\n\n\n\n<div style=\"height:5px\" aria-hidden=\"true\" class=\"wp-block-spacer\"><\/div>\n\n\n\n<p class=\"has-text-align-center\">Grzegorz Kr\u00f3l<\/p>\n\n\n\n<div style=\"height:5px\" aria-hidden=\"true\" class=\"wp-block-spacer\"><\/div>\n\n\n\n<p class=\"has-text-align-center\">tel: <a href=\"tel:0048509713865\"><mark style=\"background-color:rgba(0, 0, 0, 0)\" class=\"has-inline-color has-primary-color\"><strong>+48 509 713 865<\/strong><\/mark><\/a><\/p>\n\n\n\n<div style=\"height:5px\" aria-hidden=\"true\" class=\"wp-block-spacer\"><\/div>\n\n\n\n<p class=\"has-text-align-center\">e-mail: <a href=\"mailto:g.krol@ewapur.pl\"><strong><mark style=\"background-color:rgba(0, 0, 0, 0)\" class=\"has-inline-color has-primary-color\">g.krol@ewapur.pl<\/mark><\/strong><\/a><\/p>\n<\/div>\n\n\n\n<div class=\"wp-block-column is-vertically-aligned-top intersect:animate-fade-up intersect-once intersect:animate-duration-1000 intersect:animate-delay-700 is-layout-flow wp-block-column-is-layout-flow\">\n<figure class=\"wp-block-image aligncenter size-full is-resized wp-duotone-ff6200-ffffff-3\"><img decoding=\"async\" src=\"https:\/\/ewapur.pl\/wp-content\/uploads\/2025\/06\/user_4803089.svg\" alt=\"\" class=\"wp-image-600\" style=\"width:50px\"\/><\/figure>\n\n\n\n<div style=\"height:20px\" aria-hidden=\"true\" class=\"wp-block-spacer\"><\/div>\n\n\n\n<h3 class=\"wp-block-heading has-text-align-center\"><strong>Production manager<\/strong><\/h3>\n\n\n\n<div style=\"height:5px\" aria-hidden=\"true\" class=\"wp-block-spacer\"><\/div>\n\n\n\n<p class=\"has-text-align-center\">Mariusz Szybkowski<\/p>\n\n\n\n<div style=\"height:5px\" aria-hidden=\"true\" class=\"wp-block-spacer\"><\/div>\n\n\n\n<p class=\"has-text-align-center\">phone:<mark style=\"background-color:rgba(0, 0, 0, 0)\" class=\"has-inline-color has-primary-color\"><a href=\"tel:0048733302733\"> <strong>+48 733 302 733<\/strong><\/a><\/mark><\/p>\n\n\n\n<div style=\"height:5px\" aria-hidden=\"true\" class=\"wp-block-spacer\"><\/div>\n\n\n\n<p class=\"has-text-align-center\">email: <strong><mark style=\"background-color:rgba(0, 0, 0, 0)\" class=\"has-inline-color has-primary-color\"><a href=\"mailto:produkcja@ewapur.pl\">produkcja@ewapur.pl<\/a><\/mark><\/strong><\/p>\n<\/div>\n<\/div>\n<\/section>\n","protected":false},"excerpt":{"rendered":"<p>Do you have any additional questions about our offer? Use the form or call us directly. P.W.EWAPUR Ewa Kr\u00f3l J.Wr\u00f3bla Street, 41-936 Bytom tel: +48(32)790 62 05 email:biuro@ewapur.pl Production Facility Z .Na\u0142kowska 36 street , 41-922 Radzionk\u00f3w Tech.-commercial advisor Grzegorz Kr\u00f3l tel: +48 509 713 865 e-mail: g.krol@ewapur.pl Production manager Mariusz Szybkowski phone: +48 733 [&hellip;]<\/p>\n","protected":false},"author":1,"featured_media":0,"parent":0,"menu_order":0,"comment_status":"closed","ping_status":"closed","template":"","meta":{"footnotes":""},"class_list":["post-910","page","type-page","status-publish","hentry"],"_links":{"self":[{"href":"https:\/\/ewapur.pl\/en\/wp-json\/wp\/v2\/pages\/910","targetHints":{"allow":["GET"]}}],"collection":[{"href":"https:\/\/ewapur.pl\/en\/wp-json\/wp\/v2\/pages"}],"about":[{"href":"https:\/\/ewapur.pl\/en\/wp-json\/wp\/v2\/types\/page"}],"author":[{"embeddable":true,"href":"https:\/\/ewapur.pl\/en\/wp-json\/wp\/v2\/users\/1"}],"replies":[{"embeddable":true,"href":"https:\/\/ewapur.pl\/en\/wp-json\/wp\/v2\/comments?post=910"}],"version-history":[{"count":2,"href":"https:\/\/ewapur.pl\/en\/wp-json\/wp\/v2\/pages\/910\/revisions"}],"predecessor-version":[{"id":1307,"href":"https:\/\/ewapur.pl\/en\/wp-json\/wp\/v2\/pages\/910\/revisions\/1307"}],"wp:attachment":[{"href":"https:\/\/ewapur.pl\/en\/wp-json\/wp\/v2\/media?parent=910"}],"curies":[{"name":"wp","href":"https:\/\/api.w.org\/{rel}","templated":true}]}}