{"id":896,"date":"2025-06-12T10:00:04","date_gmt":"2025-06-12T08:00:04","guid":{"rendered":"http:\/\/localhost\/ewapur\/powloki\/"},"modified":"2025-07-16T12:10:52","modified_gmt":"2025-07-16T10:10:52","slug":"coatings","status":"publish","type":"page","link":"https:\/\/ewapur.pl\/en\/offer\/coatings\/","title":{"rendered":"Coatings"},"content":{"rendered":"\r\n<div class=\"grid main-wrapper md:grid-cols-2 md:gap-10\">\r\n  \r\n\r\n\r\n    <a class=\"relative items-start block pb-8 mb-6 border-b border-black group xl:flex md:mb-12\" href=\"https:\/\/ewapur.pl\/en\/offer\/coatings\/roll-coatings\/\">\r\n      <div class=\"mb-8 xl:mb-0\">\r\n\r\n        <h3 class=\"inline-block pb-2 text-xl transition duration-150 border-transparent md:text-2xl border-b-3 group-hover:border-black\">Roll coatings<\/h3>\r\n      <\/div>\r\n      <div class=\"max-w-sm mb-8 ml-auto text-right xl:mb-0 xl:mr-10\">\r\n        <!-- <p><\/p> -->\r\n      <\/div>\r\n      <div class=\"self-end text-right\">\r\n        <span class=\"inline-block transition duration-100 transform group-hover:rotate-45\">\r\n          <svg width=\"33\" height=\"33\" viewBox=\"0 0 33 33\" fill=\"none\" xmlns=\"http:\/\/www.w3.org\/2000\/svg\">\r\n            <path d=\"M30 3L3 30\" stroke=\"black\" stroke-width=\"4.3875\" stroke-miterlimit=\"10\" stroke-linecap=\"round\" stroke-linejoin=\"round\"><\/path>\r\n            <path d=\"M30 27.758V3H5.24196\" stroke=\"black\" stroke-width=\"4.3875\" stroke-miterlimit=\"10\" stroke-linecap=\"round\" stroke-linejoin=\"round\"><\/path>\r\n          <\/svg>\r\n        <\/span>\r\n      <\/div>\r\n    <\/a>\r\n\r\n  \r\n\r\n\r\n    <a class=\"relative items-start block pb-8 mb-6 border-b border-black group xl:flex md:mb-12\" href=\"https:\/\/ewapur.pl\/en\/offer\/coatings\/wear-resistant-coatings\/\">\r\n      <div class=\"mb-8 xl:mb-0\">\r\n\r\n        <h3 class=\"inline-block pb-2 text-xl transition duration-150 border-transparent md:text-2xl border-b-3 group-hover:border-black\">Wear-resistant coatings<\/h3>\r\n      <\/div>\r\n      <div class=\"max-w-sm mb-8 ml-auto text-right xl:mb-0 xl:mr-10\">\r\n        <!-- <p><\/p> -->\r\n      <\/div>\r\n      <div class=\"self-end text-right\">\r\n        <span class=\"inline-block transition duration-100 transform group-hover:rotate-45\">\r\n          <svg width=\"33\" height=\"33\" viewBox=\"0 0 33 33\" fill=\"none\" xmlns=\"http:\/\/www.w3.org\/2000\/svg\">\r\n            <path d=\"M30 3L3 30\" stroke=\"black\" stroke-width=\"4.3875\" stroke-miterlimit=\"10\" stroke-linecap=\"round\" stroke-linejoin=\"round\"><\/path>\r\n            <path d=\"M30 27.758V3H5.24196\" stroke=\"black\" stroke-width=\"4.3875\" stroke-miterlimit=\"10\" stroke-linecap=\"round\" stroke-linejoin=\"round\"><\/path>\r\n          <\/svg>\r\n        <\/span>\r\n      <\/div>\r\n    <\/a>\r\n\r\n  \r\n\r\n\r\n    <a class=\"relative items-start block pb-8 mb-6 border-b border-black group xl:flex md:mb-12\" href=\"https:\/\/ewapur.pl\/en\/offer\/coatings\/fire-protection-coatings\/\">\r\n      <div class=\"mb-8 xl:mb-0\">\r\n\r\n        <h3 class=\"inline-block pb-2 text-xl transition duration-150 border-transparent md:text-2xl border-b-3 group-hover:border-black\">Fire protection coatings<\/h3>\r\n      <\/div>\r\n      <div class=\"max-w-sm mb-8 ml-auto text-right xl:mb-0 xl:mr-10\">\r\n        <!-- <p>Firma EwaPUR specjalizuje si\u0119 w profesjonalnej aplikacji pow\u0142ok ogniochronnych. Dzi\u0119ki naszemu do\u015bwiadczeniu i zaawansowanemu technologicznie sprz\u0119towi, jeste\u015bmy w stanie zaoferowa\u0107 najwy\u017cszej jako\u015bci us\u0142ugi, kt\u00f3re spe\u0142niaj\u0105...<\/p> -->\r\n      <\/div>\r\n      <div class=\"self-end text-right\">\r\n        <span class=\"inline-block transition duration-100 transform group-hover:rotate-45\">\r\n          <svg width=\"33\" height=\"33\" viewBox=\"0 0 33 33\" fill=\"none\" xmlns=\"http:\/\/www.w3.org\/2000\/svg\">\r\n            <path d=\"M30 3L3 30\" stroke=\"black\" stroke-width=\"4.3875\" stroke-miterlimit=\"10\" stroke-linecap=\"round\" stroke-linejoin=\"round\"><\/path>\r\n            <path d=\"M30 27.758V3H5.24196\" stroke=\"black\" stroke-width=\"4.3875\" stroke-miterlimit=\"10\" stroke-linecap=\"round\" stroke-linejoin=\"round\"><\/path>\r\n          <\/svg>\r\n        <\/span>\r\n      <\/div>\r\n    <\/a>\r\n\r\n  \r\n\r\n\r\n    <a class=\"relative items-start block pb-8 mb-6 border-b border-black group xl:flex md:mb-12\" href=\"https:\/\/ewapur.pl\/en\/offer\/coatings\/polyurea-coatings-for-vehicles\/\">\r\n      <div class=\"mb-8 xl:mb-0\">\r\n\r\n        <h3 class=\"inline-block pb-2 text-xl transition duration-150 border-transparent md:text-2xl border-b-3 group-hover:border-black\">Polyurea coatings for vehicles<\/h3>\r\n      <\/div>\r\n      <div class=\"max-w-sm mb-8 ml-auto text-right xl:mb-0 xl:mr-10\">\r\n        <!-- <p><\/p> -->\r\n      <\/div>\r\n      <div class=\"self-end text-right\">\r\n        <span class=\"inline-block transition duration-100 transform group-hover:rotate-45\">\r\n          <svg width=\"33\" height=\"33\" viewBox=\"0 0 33 33\" fill=\"none\" xmlns=\"http:\/\/www.w3.org\/2000\/svg\">\r\n            <path d=\"M30 3L3 30\" stroke=\"black\" stroke-width=\"4.3875\" stroke-miterlimit=\"10\" stroke-linecap=\"round\" stroke-linejoin=\"round\"><\/path>\r\n            <path d=\"M30 27.758V3H5.24196\" stroke=\"black\" stroke-width=\"4.3875\" stroke-miterlimit=\"10\" stroke-linecap=\"round\" stroke-linejoin=\"round\"><\/path>\r\n          <\/svg>\r\n        <\/span>\r\n      <\/div>\r\n    <\/a>\r\n\r\n  \r\n\r\n\r\n    <a class=\"relative items-start block pb-8 mb-6 border-b border-black group xl:flex md:mb-12\" href=\"https:\/\/ewapur.pl\/en\/offer\/coatings\/chemical-resistant-coatings\/\">\r\n      <div class=\"mb-8 xl:mb-0\">\r\n\r\n        <h3 class=\"inline-block pb-2 text-xl transition duration-150 border-transparent md:text-2xl border-b-3 group-hover:border-black\">Chemical resistant coatings<\/h3>\r\n      <\/div>\r\n      <div class=\"max-w-sm mb-8 ml-auto text-right xl:mb-0 xl:mr-10\">\r\n        <!-- <p><\/p> -->\r\n      <\/div>\r\n      <div class=\"self-end text-right\">\r\n        <span class=\"inline-block transition duration-100 transform group-hover:rotate-45\">\r\n          <svg width=\"33\" height=\"33\" viewBox=\"0 0 33 33\" fill=\"none\" xmlns=\"http:\/\/www.w3.org\/2000\/svg\">\r\n            <path d=\"M30 3L3 30\" stroke=\"black\" stroke-width=\"4.3875\" stroke-miterlimit=\"10\" stroke-linecap=\"round\" stroke-linejoin=\"round\"><\/path>\r\n            <path d=\"M30 27.758V3H5.24196\" stroke=\"black\" stroke-width=\"4.3875\" stroke-miterlimit=\"10\" stroke-linecap=\"round\" stroke-linejoin=\"round\"><\/path>\r\n          <\/svg>\r\n        <\/span>\r\n      <\/div>\r\n    <\/a>\r\n\r\n  \r\n\r\n\r\n    <a class=\"relative items-start block pb-8 mb-6 border-b border-black group xl:flex md:mb-12\" href=\"https:\/\/ewapur.pl\/en\/offer\/coatings\/anti-corrosion-coatings\/\">\r\n      <div class=\"mb-8 xl:mb-0\">\r\n\r\n        <h3 class=\"inline-block pb-2 text-xl transition duration-150 border-transparent md:text-2xl border-b-3 group-hover:border-black\">Anti-corrosion coatings<\/h3>\r\n      <\/div>\r\n      <div class=\"max-w-sm mb-8 ml-auto text-right xl:mb-0 xl:mr-10\">\r\n        <!-- <p><\/p> -->\r\n      <\/div>\r\n      <div class=\"self-end text-right\">\r\n        <span class=\"inline-block transition duration-100 transform group-hover:rotate-45\">\r\n          <svg width=\"33\" height=\"33\" viewBox=\"0 0 33 33\" fill=\"none\" xmlns=\"http:\/\/www.w3.org\/2000\/svg\">\r\n            <path d=\"M30 3L3 30\" stroke=\"black\" stroke-width=\"4.3875\" stroke-miterlimit=\"10\" stroke-linecap=\"round\" stroke-linejoin=\"round\"><\/path>\r\n            <path d=\"M30 27.758V3H5.24196\" stroke=\"black\" stroke-width=\"4.3875\" stroke-miterlimit=\"10\" stroke-linecap=\"round\" stroke-linejoin=\"round\"><\/path>\r\n          <\/svg>\r\n        <\/span>\r\n      <\/div>\r\n    <\/a>\r\n\r\n  <\/div>","protected":false},"excerpt":{"rendered":"","protected":false},"author":1,"featured_media":0,"parent":908,"menu_order":0,"comment_status":"closed","ping_status":"closed","template":"","meta":{"footnotes":""},"class_list":["post-896","page","type-page","status-publish","hentry"],"_links":{"self":[{"href":"https:\/\/ewapur.pl\/en\/wp-json\/wp\/v2\/pages\/896","targetHints":{"allow":["GET"]}}],"collection":[{"href":"https:\/\/ewapur.pl\/en\/wp-json\/wp\/v2\/pages"}],"about":[{"href":"https:\/\/ewapur.pl\/en\/wp-json\/wp\/v2\/types\/page"}],"author":[{"embeddable":true,"href":"https:\/\/ewapur.pl\/en\/wp-json\/wp\/v2\/users\/1"}],"replies":[{"embeddable":true,"href":"https:\/\/ewapur.pl\/en\/wp-json\/wp\/v2\/comments?post=896"}],"version-history":[{"count":3,"href":"https:\/\/ewapur.pl\/en\/wp-json\/wp\/v2\/pages\/896\/revisions"}],"predecessor-version":[{"id":1347,"href":"https:\/\/ewapur.pl\/en\/wp-json\/wp\/v2\/pages\/896\/revisions\/1347"}],"up":[{"embeddable":true,"href":"https:\/\/ewapur.pl\/en\/wp-json\/wp\/v2\/pages\/908"}],"wp:attachment":[{"href":"https:\/\/ewapur.pl\/en\/wp-json\/wp\/v2\/media?parent=896"}],"curies":[{"name":"wp","href":"https:\/\/api.w.org\/{rel}","templated":true}]}}